{"id":438,"date":"2009-11-09T22:31:27","date_gmt":"2009-11-09T21:31:27","guid":{"rendered":"http:\/\/lioso.net\/?page_id=438"},"modified":"2010-08-10T12:55:44","modified_gmt":"2010-08-10T11:55:44","slug":"hp-etsii","status":"publish","type":"page","link":"https:\/\/lioso.net\/?page_id=438","title":{"rendered":"HP ETSII"},"content":{"rendered":"<p>P\u00e1gina dedicada a la p\u00e1gina de benito_camela_ya, antiguamente hospedada en geocities y debido a la eliminaci\u00f3n de ese servicio he querido poner aqu\u00ed todos los contenidos y mejorarla. As\u00ed mismo pode\u00eds poner todos vuestro comentarios en los comentarios.<\/p>\n<p>La dividir\u00e9 por generalidades comunes a todas las asignaturas como tutoriales para los iniciados, ya sean de benito_camela_ya, mios, o enlaces a otras p\u00e1ginas. As\u00ed mismo seguramente divida por asignaturas todos los contenidos.<\/p>\n<p>As\u00ed mismo a\u00f1adir\u00e9 todo lo que tenga yo y la gente que quiera de esas asignaturas para tener un punto central para poder ayudarnos unos a otros<\/p>\n<p>General:<\/p>\n<ul>\n<li>RPN<\/li>\n<li>Instalaci\u00f3n<\/li>\n<li>Otros<\/li>\n<\/ul>\n<p>Asignaturas:<\/p>\n<ol>\n<li>Primer curso\n<ul>\n<li>Fisica I<\/li>\n<li>Quimica<\/li>\n<\/ul>\n<\/li>\n<li>Segundo curso\n<ul>\n<li>Comportamiento Dinamico de Sistemas<\/li>\n<li>REsistencia de Materiales<\/li>\n<\/ul>\n<\/li>\n<li>Tercer curso\n<ul>\n<li>Sistemas Electronicos<\/li>\n<li>Sistemas AUtom\u00e1ticos<\/li>\n<\/ul>\n<\/li>\n<li>Cuarto curso\n<ul>\n<li>Fisica I<\/li>\n<li>Quimica<\/li>\n<\/ul>\n<\/li>\n<li>Quinto curso\n<ul>\n<li>Fisica I<\/li>\n<li>Quimica<\/li>\n<\/ul>\n<\/li>\n<\/ol>\n","protected":false},"excerpt":{"rendered":"<p>P\u00e1gina dedicada a la p\u00e1gina de benito_camela_ya, antiguamente hospedada en geocities y debido a la eliminaci\u00f3n de ese servicio he querido poner aqu\u00ed todos los contenidos y mejorarla. As\u00ed mismo pode\u00eds poner todos vuestro comentarios en los comentarios. La dividir\u00e9 por generalidades comunes a todas las asignaturas como tutoriales para los iniciados, ya sean de [&hellip;]<\/p>\n","protected":false},"author":3,"featured_media":0,"parent":0,"menu_order":3,"comment_status":"open","ping_status":"closed","template":"","meta":{"ngg_post_thumbnail":0,"footnotes":""},"_links":{"self":[{"href":"https:\/\/lioso.net\/index.php?rest_route=\/wp\/v2\/pages\/438"}],"collection":[{"href":"https:\/\/lioso.net\/index.php?rest_route=\/wp\/v2\/pages"}],"about":[{"href":"https:\/\/lioso.net\/index.php?rest_route=\/wp\/v2\/types\/page"}],"author":[{"embeddable":true,"href":"https:\/\/lioso.net\/index.php?rest_route=\/wp\/v2\/users\/3"}],"replies":[{"embeddable":true,"href":"https:\/\/lioso.net\/index.php?rest_route=%2Fwp%2Fv2%2Fcomments&post=438"}],"version-history":[{"count":0,"href":"https:\/\/lioso.net\/index.php?rest_route=\/wp\/v2\/pages\/438\/revisions"}],"wp:attachment":[{"href":"https:\/\/lioso.net\/index.php?rest_route=%2Fwp%2Fv2%2Fmedia&parent=438"}],"curies":[{"name":"wp","href":"https:\/\/api.w.org\/{rel}","templated":true}]}}