{"id":451,"date":"2009-11-09T22:41:50","date_gmt":"2009-11-09T21:41:50","guid":{"rendered":"http:\/\/lioso.net\/?page_id=451"},"modified":"2011-06-10T19:07:23","modified_gmt":"2011-06-10T18:07:23","slug":"3%c2%ba-curso","status":"publish","type":"page","link":"https:\/\/lioso.net\/?page_id=451","title":{"rendered":"3\u00ba Curso"},"content":{"rendered":"<p>Las asignaturas de tercer curso<\/p>\n<p>Tecnolog\u00eda de Fabricaci\u00f3n y Tecnolog\u00eda de M\u00e1quinas.<\/p>\n<ul>\n<li><a href=\"http:\/\/lioso.net\/wp-content\/uploads\/2009\/11\/TfTMLioso.zip\">TfTMLioso<\/a> Metrolog\u00eda, fresado, econom\u00eda del corte y deformaci\u00f3n. Apuntes B\u00e1sicos (<em>Por Lioso)<\/em><\/li>\n<li><a href=\"http:\/\/lioso.net\/wp-content\/uploads\/2009\/11\/maquinas1.zip\">maquinas<\/a> <em>(Por benitocamelaya)<\/em><\/li>\n<\/ul>\n<p>Teor\u00eda de Estructuras.<\/p>\n<ul>\n<li><a href=\"http:\/\/lioso.net\/wp-content\/uploads\/2009\/11\/Defo.zip\">Defo<\/a> No es gran cosa, pero menos que nada (<em>Por Lioso)<\/em><\/li>\n<\/ul>\n<p>Ampliaci\u00f3n de Fluidos<\/p>\n<ul>\n<li><a href=\"http:\/\/lioso.net\/wp-content\/uploads\/2009\/11\/AFluidos.zip\">AFluidos<\/a><em>(Por Lioso)<\/em><\/li>\n<li><a href=\"http:\/\/lioso.net\/wp-content\/uploads\/2009\/11\/aflu.zip\">aflu<\/a> <em>(Por benitocamelaya)<\/em><\/li>\n<\/ul>\n<p>Tecnolog\u00eda de Materiales<\/p>\n<ul>\n<li><a href=\"http:\/\/lioso.net\/wp-content\/uploads\/2009\/11\/tecmat.zip\">tecmat<\/a><em>(Por benitocamelaya)<\/em><\/li>\n<li><a href=\"http:\/\/lioso.net\/wp-content\/uploads\/2009\/11\/tecmat2.zip\">tecmat2<\/a><em> (Por benitocamelaya)<\/em><\/li>\n<\/ul>\n<p>Ampliaci\u00f3n de Termo<\/p>\n<ul>\n<li><a href=\"http:\/\/lioso.net\/wp-content\/uploads\/2009\/11\/ampterm.zip\">ampterm<\/a><em>(Por benitocamelaya)<\/em><\/li>\n<li><a href=\"http:\/\/lioso.net\/wp-content\/uploads\/2009\/11\/atermo.zip\">atermo<\/a><em>(Por benitocamelaya)<\/em><\/li>\n<\/ul>\n<p>Tecnolog\u00eda El\u00e9ctrica<\/p>\n<ul>\n<li><a href=\"http:\/\/lioso.net\/wp-content\/uploads\/2009\/11\/tecelec.zip\">tecelec<\/a><em> (Por benitocamelaya)<\/em><\/li>\n<li><a href=\"http:\/\/lioso.net\/wp-content\/uploads\/2009\/11\/tecelectr.zip\">tecelectr<\/a><em> (Por benitocamelaya)<\/em><\/li>\n<\/ul>\n<p>Ampliaci\u00f3n Tecnolog\u00eda de M\u00e1quinas<\/p>\n<ul>\n<li><a href=\"http:\/\/lioso.net\/wp-content\/uploads\/2009\/11\/ampmaq.zip\">ampmaq<\/a>\ufeff<em>(Por benitocamelaya)<\/em><\/li>\n<\/ul>\n<p>M\u00e9todos Matem\u00e1ticos II<\/p>\n<ul>\n<li><a href=\"http:\/\/lioso.net\/wp-content\/uploads\/2009\/11\/mmii.zip\">mmii<\/a><em>(Por benitocamelaya)<\/em><\/li>\n<\/ul>\n<p>&nbsp;<\/p>\n","protected":false},"excerpt":{"rendered":"<p>Las asignaturas de tercer curso Tecnolog\u00eda de Fabricaci\u00f3n y Tecnolog\u00eda de M\u00e1quinas. TfTMLioso Metrolog\u00eda, fresado, econom\u00eda del corte y deformaci\u00f3n. Apuntes B\u00e1sicos (Por Lioso) maquinas (Por benitocamelaya) Teor\u00eda de Estructuras. Defo No es gran cosa, pero menos que nada (Por Lioso) Ampliaci\u00f3n de Fluidos AFluidos(Por Lioso) aflu (Por benitocamelaya) Tecnolog\u00eda de Materiales tecmat(Por benitocamelaya) tecmat2 [&hellip;]<\/p>\n","protected":false},"author":3,"featured_media":0,"parent":438,"menu_order":4,"comment_status":"open","ping_status":"open","template":"","meta":{"ngg_post_thumbnail":0,"footnotes":""},"_links":{"self":[{"href":"https:\/\/lioso.net\/index.php?rest_route=\/wp\/v2\/pages\/451"}],"collection":[{"href":"https:\/\/lioso.net\/index.php?rest_route=\/wp\/v2\/pages"}],"about":[{"href":"https:\/\/lioso.net\/index.php?rest_route=\/wp\/v2\/types\/page"}],"author":[{"embeddable":true,"href":"https:\/\/lioso.net\/index.php?rest_route=\/wp\/v2\/users\/3"}],"replies":[{"embeddable":true,"href":"https:\/\/lioso.net\/index.php?rest_route=%2Fwp%2Fv2%2Fcomments&post=451"}],"version-history":[{"count":0,"href":"https:\/\/lioso.net\/index.php?rest_route=\/wp\/v2\/pages\/451\/revisions"}],"up":[{"embeddable":true,"href":"https:\/\/lioso.net\/index.php?rest_route=\/wp\/v2\/pages\/438"}],"wp:attachment":[{"href":"https:\/\/lioso.net\/index.php?rest_route=%2Fwp%2Fv2%2Fmedia&parent=451"}],"curies":[{"name":"wp","href":"https:\/\/api.w.org\/{rel}","templated":true}]}}