{"id":619,"date":"2010-07-22T20:49:51","date_gmt":"2010-07-22T19:49:51","guid":{"rendered":"http:\/\/lioso.net\/?page_id=619"},"modified":"2010-07-22T21:10:30","modified_gmt":"2010-07-22T20:10:30","slug":"tutoriales-basicos","status":"publish","type":"page","link":"https:\/\/lioso.net\/?page_id=619","title":{"rendered":"Tutoriales b\u00e1sicos"},"content":{"rendered":"<h1>Como Pasar Archivos a la Calculadora<\/h1>\n<p>SD, si, todo se resume a eso. No os li\u00e9is con el PC Connectivity kit o como se llame. Es complejo y dependes del ordenador. Lo mejor es meter los archivos en una SD y tenerla siempre en ella. Como consejo no la inserte\u00eds excepto que vall\u00e1is a hacer uso de los archivos ya que hace que el arranque de la calculadora sea m\u00e1s lento.<\/p>\n<p>Para copiar un archivo a la calculadora, caso que se puede dar antes de entrar a un examen&#8230;. lo \u00fanico que deb\u00e9is hacer es meteros en FILES y hay ten\u00e9is la carpeta SD y las otras de la calculadora. Solo ten\u00e9is que COPY PASTE donde quer\u00e1is.<\/p>\n<h1>Como Instalar Programas<\/h1>\n<p>El programa depende del tipo que sea. Si es .lib hay que instalarlo, en otros casos es un ejecutable y con dar a EVAL ya es suficiente.<\/p>\n<p>En el caso de que sea un .lib pon este en la tarjeta de memoria y ya en la calculadora solo tienes que copiar ese archivo (como pone arriba) a la carpeta FLASH de la calculadora. Despu\u00e9s de eso presiona ON + C (F3) durante unos instantes para reiniciar la calculadora y que instale el programa.<\/p>\n<h1>RPN<\/h1>\n<p>Usar RPN, creerme, una vez os acostumbr\u00e9is, si us\u00e1is la calculadora de verdad notar\u00e9is la diferencia.<\/p>\n","protected":false},"excerpt":{"rendered":"<p>Como Pasar Archivos a la Calculadora SD, si, todo se resume a eso. No os li\u00e9is con el PC Connectivity kit o como se llame. Es complejo y dependes del ordenador. Lo mejor es meter los archivos en una SD y tenerla siempre en ella. Como consejo no la inserte\u00eds excepto que vall\u00e1is a hacer [&hellip;]<\/p>\n","protected":false},"author":3,"featured_media":0,"parent":445,"menu_order":0,"comment_status":"open","ping_status":"open","template":"","meta":{"ngg_post_thumbnail":0,"footnotes":""},"_links":{"self":[{"href":"https:\/\/lioso.net\/index.php?rest_route=\/wp\/v2\/pages\/619"}],"collection":[{"href":"https:\/\/lioso.net\/index.php?rest_route=\/wp\/v2\/pages"}],"about":[{"href":"https:\/\/lioso.net\/index.php?rest_route=\/wp\/v2\/types\/page"}],"author":[{"embeddable":true,"href":"https:\/\/lioso.net\/index.php?rest_route=\/wp\/v2\/users\/3"}],"replies":[{"embeddable":true,"href":"https:\/\/lioso.net\/index.php?rest_route=%2Fwp%2Fv2%2Fcomments&post=619"}],"version-history":[{"count":0,"href":"https:\/\/lioso.net\/index.php?rest_route=\/wp\/v2\/pages\/619\/revisions"}],"up":[{"embeddable":true,"href":"https:\/\/lioso.net\/index.php?rest_route=\/wp\/v2\/pages\/445"}],"wp:attachment":[{"href":"https:\/\/lioso.net\/index.php?rest_route=%2Fwp%2Fv2%2Fmedia&parent=619"}],"curies":[{"name":"wp","href":"https:\/\/api.w.org\/{rel}","templated":true}]}}